{"id":9987,"date":"2025-01-23T16:31:44","date_gmt":"2025-01-23T15:31:44","guid":{"rendered":"https:\/\/wich-paletten.de\/general-conditions-of-sale\/"},"modified":"2026-03-23T11:29:51","modified_gmt":"2026-03-23T10:29:51","slug":"general-conditions-of-sale","status":"publish","type":"page","link":"https:\/\/wich-paletten.de\/en\/general-conditions-of-sale\/","title":{"rendered":"General conditions of sale"},"content":{"rendered":"\t\t<div data-elementor-type=\"wp-page\" data-elementor-id=\"9987\" class=\"elementor elementor-9987 elementor-82\" data-elementor-post-type=\"page\">\n\t\t\t\t<div class=\"elementor-element elementor-element-4faa315 e-flex e-con-boxed e-con e-parent\" data-id=\"4faa315\" data-element_type=\"container\" data-e-type=\"container\">\n\t\t\t\t\t<div class=\"e-con-inner\">\n\t\t\t\t<div class=\"elementor-element elementor-element-4f70cf2 elementor-widget elementor-widget-heading\" data-id=\"4f70cf2\" data-element_type=\"widget\" data-e-type=\"widget\" data-widget_type=\"heading.default\">\n\t\t\t\t<div class=\"elementor-widget-container\">\n\t\t\t\t\t<h1 class=\"elementor-heading-title elementor-size-default\">General conditions of sale<\/h1>\t\t\t\t<\/div>\n\t\t\t\t<\/div>\n\t\t\t\t<div class=\"elementor-element elementor-element-df27b7b elementor-widget elementor-widget-text-editor\" data-id=\"df27b7b\" data-element_type=\"widget\" data-e-type=\"widget\" data-widget_type=\"text-editor.default\">\n\t\t\t\t<div class=\"elementor-widget-container\">\n\t\t\t\t\t\t\t\t\t<p><strong>\u00a7 1 Scope of Application<\/strong><br> <br>(1) The present General Terms and Conditions of Sale (GTC) apply to all business relationships of WICH Vertriebs GmbH with its customers (&#8220;Customer&#8221; or &#8220;Buyer&#8221;). Die AVB gelten nur, wenn der Kunde Unternehmer (\u00a7 14 BGB), eine juristische Person des \u00f6ffentlichen Rechts oder ein \u00f6ffentlich-rechtliches Sonderverm\u00f6gen ist.<br>(2) Die AVB gelten insbesondere f\u00fcr Vertr\u00e4ge \u00fcber den Verkauf und\/oder die Lieferung beweglicher Sachen (\u201eWare\u201c), ohne R\u00fccksicht darauf, ob die Ware selbst durch die WICH Vertriebs GmbH hergestellt oder bei Zulieferern bezogen wurde.<br>(3) Sofern nichts anderes vereinbart, gelten die AVB in der zum Zeitpunkt der Bestellung des Kunden g\u00fcltigen Fassung als Rahmenvereinbarung auch f\u00fcr gleichartige k\u00fcnftige Vertr\u00e4ge, ohne dass in jedem Einzelfall wieder auf sie hingewiesen werden m\u00fcssten.<br>(4) Unsere AVB gelten ausschlie\u00dflich. Abweichende, entgegenstehende oder erg\u00e4nzende Allgemeine Gesch\u00e4ftsbedingungen des Kunden werden nur dann und insoweit Vertragsbestandteil, als ihrer Geltung ausdr\u00fccklich durch die WICH Vertriebs GmbH zugestimmt wird.<br>(5) Individuelle Vereinbarungen f\u00fcr den Einzelfall (einschlie\u00dflich Nebenabreden, Erg\u00e4nzungen und \u00c4nderungen) haben in jedem Fall Vorrang vor diesen AVB. Unless proven otherwise, the content of such agreements shall be determined by a written contract or our written confirmation.<br>(6) Legally relevant declarations and notifications by the customer concerning the contract (e.g., setting of deadlines, notification of defects, withdrawal, or reduction) must be made in writing, i.e., in written form or text form (e.g., letter, email, fax). Gesetzliche Formvorschriften und weitere Nachweise, insbesondere bei Zweifeln \u00fcber die Legitimation des Erkl\u00e4renden bleiben unber\u00fchrt.<br>(7) Hinweise auf die Geltung gesetzlicher Vorschriften haben nur klarstellende Bedeutung. Auch ohne eine derartige Klarstellung gelten daher die gesetzlichen Vorschriften, soweit sie in diesen AVB nicht unmittelbar abge\u00e4ndert oder ausdr\u00fccklich ausgeschlossen werden.<\/p><p><strong>\u00a7 2 Angebot und Vertragsschluss<\/strong><\/p><p>(1) Angebote der WICH Vertriebs GmbH sind freibleibend und unverbindlich, es sei denn, das Angebot ist schriftlich oder elektronisch als bindend bezeichnet.<br>(2) Soweit nicht anders angegeben, h\u00e4lt sich die WICH Vertriebs GmbH an die in ihrem Angebot enthaltenen Preise 14 Tage ab deren Datum gebunden.<br>(3) Die Bestellung der Ware durch den Kunden gilt als verbindliches Vertragsangebot. Die WICH Vertriebs GmbH ist berechtigt, dieses Vertragsangebot innerhalb von 14 Tagen nach seinem Zugang bei dieser anzunehmen.<br>(4) Die Annahme kann entweder schriftlich, in Textform oder durch Auslieferung der Ware an den Kunden erkl\u00e4rt werden.<\/p><p><strong>\u00a7 3 Lieferzeit<\/strong><\/p><p>(1) Die Lieferfrist wird individuell vereinbart bzw. von der WICH Vertriebs GmbH bei Annahme der Bestellung angegeben. Information regarding delivery and service times is non-binding, unless expressly confirmed as binding by WICH Vertriebs GmbH.<br>(2) WICH Vertriebs GmbH shall not be responsible for delays in delivery and performance due to force majeure and due to events that significantly impede or make impossible the delivery for WICH Vertriebs GmbH, even if only temporarily, including those occurring at suppliers of WICH Vertriebs GmbH or their sub-suppliers, even for bindingly agreed deadlines and dates.<br>In this case, WICH Vertriebs GmbH is entitled to postpone the delivery or service for the duration of the hindrance plus einer angemessenen Anlaufzeit hinauszuschieben oder wegen des noch nicht erf\u00fcllten Teils ganz oder teilweise vom Vertrag zur\u00fcckzutreten. Die neue voraussichtliche Lieferfrist wird dem Kunden umgehend mitgeteilt.<br>(3) Vereinbaren die Vertragsparteien nachtr\u00e4glich zus\u00e4tzliche Leistungen, die sich auf vereinbarte Fristen auswirken, so verl\u00e4ngern sich diese Fristen um einen angemessenen Zeitraum.<br>(4) Der Eintritt eines Lieferverzugs bestimmt sich nach den gesetzlichen Vorschriften. In jedem Fall ist aber eine Mahnung durch den Kunden erforderlich.<\/p><p><strong>\u00a7 4 Preise und Zahlungsbedingungen<\/strong><\/p><p>(1) Sofern im Einzelfall nichts anderes vereinbart ist, gelten die jeweils zum Zeitpunkt des Vertragsschlusses aktuellen Preise der WICH Vertriebs GmbH, und zwar ab Lager, zzgl. statutory value-added tax.<br>(2) In the case of a mail-order purchase (\u00a7 5 para. 1), the customer bears the transport costs from the warehouse and the costs of any transport insurance desired by the customer, unless otherwise agreed. Etwaige Z\u00f6lle, Geb\u00fchren, Steuern und sonstige \u00f6ffentliche Abgaben tr\u00e4gt der Kunde.<br>(3) Soweit nichts anderes vereinbart, sind die Rechnungen der WICH Vertriebs GmbH sofort nach Rechnungsstellung ohne Abzug zahlbar.<br>(4) Die WICH Vertriebs GmbH ist jedoch, auch im Rahmen einer laufenden Gesch\u00e4ftsbeziehung, jederzeit berechtigt, eine Lieferung ganz oder teilweise nur gegen Vorkasse durchzuf\u00fchren. Einen entsprechenden Vorbehalt wird sp\u00e4testens mit der Auftragsbest\u00e4tigung erkl\u00e4rt oder wenn erst nach Abschluss des Vertrages Umst\u00e4nde bekannt werden, welche die Kreditw\u00fcrdigkeit des Kunden wesentlich zu mindern geeignet sind und durch welche die Bezahlung der offenen Forderungen der WICH Vertriebs GmbH durch den Kunden aus dem jeweiligen Vertragsverh\u00e4ltnis gef\u00e4hrdet wird, vor Auslieferung der Ware.<br>(5) Die Aufrechnung mit Gegenanspr\u00fcchen des Kundens oder die Zur\u00fcckbehaltung von Zahlungen wegen solcher Anspr\u00fcche ist nur insoweit zul\u00e4ssig, als sein Anspruch rechtskr\u00e4ftig festgestellt oder unbestritten ist.<br>(6) Wird nach Abschluss des Vertrags erkennbar, insbesondere durch Antrag auf Er\u00f6ffnung eines Insolvenzverfahrens, dass der Anspruch auf die vertraglich geschuldete Verg\u00fctung durch mangelnde Leistungsf\u00e4higkeit des Kunden gef\u00e4hrdet wird, so ist die WICH Vertriebs GmbH neben dem oben benannten Recht zur Lieferung auf Vorkasse , nach den gesetzlichen Vorschriften zur Leistungsverweigerung und \u2013 gegebenenfalls nach Fristsetzung \u2013 zum R\u00fccktritt vom Vertrag berechtigt (\u00a7 321 BGB). Bei Vertr\u00e4gen \u00fcber die Herstellung unvertretbarer Sachen (Einzelanfertigungen) kann der R\u00fccktritt sofort erkl\u00e4rt werden; die gesetzlichen Regelungen \u00fcber die Entbehrlichkeit der Fristsetzung bleiben unber\u00fchrt.<\/p><p><strong>\u00a7 5 Lieferung und Gefahr\u00fcbergang<\/strong><\/p><p>(1) Die Lieferung erfolgt ab Lager, wo auch der Erf\u00fcllungsort f\u00fcr die Lieferung und eine etwaige Nacherf\u00fcllung ist. Auf Verlangen und Kosten des Kunden wird die Ware an einen anderen Bestimmungsort versandt (Versendungskauf). Soweit nicht etwas anderes vereinbart ist, ist die WICH Vertriebs GmbH berechtigt, die Versendung selbst oder durch andere Transportunternehmer durchzuf\u00fchren.<br>(2) Die Gefahr des zuf\u00e4lligen Untergangs und der zuf\u00e4lligen Verschlechterung der Ware geht sp\u00e4testens mit der \u00dcbergabe auf den Kunden \u00fcber. Beim Versendungskauf geht jedoch die Gefahr des zuf\u00e4lligen Untergangs und der zuf\u00e4lligen Verschlechterung der Ware sowie die Verz\u00f6gerungsgefahr bereits mit Auslieferung der Ware an den Spediteur, den Frachtf\u00fchrer oder der sonst zur Ausf\u00fchrung der Versendung bestimmten Person oder Anstalt \u00fcber oder wenn die Lieferung zwecks der Sendung das Lager der WICH Vertriebs GmbH verl\u00e4sst.<\/p><p><strong>\u00a7 6 Annahmeverzug<\/strong><\/p><p>(1) Kommt der Kunde in Annahmeverzug, unterl\u00e4sst er eine Mitwirkungshandlung oder verz\u00f6gert sich die Lieferung aus anderen, vom Kunden zu vertretenden Gr\u00fcnden, so ist die WICH Vertriebs GmbH berechtigt, Ersatz des hieraus entstehenden Schadens einschlie\u00dflich Mehraufwendungen zu verlangen.<br>(2) Verlangt die WICH Vertriebs GmbH Schadensersatz, so betr\u00e4gt dieser 10% des Netto-Rechnungswertes. Der Schadensersatz ist h\u00f6her oder niedriger anzusetzen, wenn die WICH Vertriebs GmbH einen h\u00f6heren oder der Kunde einen niedrigeren Schaden nachweist.<\/p><p><strong>\u00a7 7 Eigentumsvorbehalt<\/strong><\/p><p>(1) Der Vertragsgegenstand bleibt bis zur vollst\u00e4ndigen Begleichung der Rechnungen zzgl. etwaiger Nebenforderungen im uneingeschr\u00e4nkten Eigentum der WICH Vertriebs GmbH.<br>(2) Die unter Eigentumsvorbehalt stehenden Waren d\u00fcrfen vor vollst\u00e4ndiger Bezahlung der gesicherten Forderungen weder an Dritte verpf\u00e4ndet, noch zur Sicherheit \u00fcbereignet werden. Der Kunde hat die WICH Vertriebs GmbH bei Antrag auf Er\u00f6ffnung des Insolvenzverfahrens oder bei Zugriffen Dritter, insbesondere durch Pf\u00e4ndung, unverz\u00fcglich zu benachrichtigen.<br>(3) Bei vertragswidrigem Verhalten des Kunden, insbesondere bei Nichtzahlung der f\u00e4lligen Verg\u00fctung, ist die WICH Vertriebs GmbH berechtigt, nach den gesetzlichen Vorschriften vom Vertrag zur\u00fcckzutreten oder\/und die Ware auf Grund des Eigentumsvorbehalts heraus zu verlangen. Das Herausgabeverlangen beinhaltet nicht zugleich die Erkl\u00e4rung des R\u00fccktritts, sondern vielmehr die Berechtigung lediglich die Ware vorbehaltlich eines R\u00fccktritts heraus zu verlangen. Nach ggf. erforderlicher Nachfristsetzung kann dann die Erkl\u00e4rung zum R\u00fccktritt erfolgen.<br>(4) Der Kunde ist befugt nach den folgenden Ma\u00dfgaben, die unter Eigentumsvorbehalt stehenden Waren im ordnungsgem\u00e4\u00dfen Gesch\u00e4ftsgang weiter zu ver\u00e4u\u00dfern und\/oder zu verarbeiten.<br>(5) Die bei Verarbeitung, Vermischung oder Verbindung der Ware der WICH Vertriebs GmbH entstehende Erzeugnisse werden von dem Eigentumsvorbehalt ebenfalls umfasst. Die WICH Vertriebs GmbH gilt als Hersteller dieser Erzeugnisse. Bleibt bei einer Verarbeitung, Vermischung oder Verbindung mit Waren Dritter deren Eigentumsrecht bestehen, wird anteiliges Miteigentum erworben .Im \u00dcbrigen gilt f\u00fcr das entstehende Erzeugnis das Gleiche wie f\u00fcr die unter Eigentumsvorbehalt gelieferte Ware.<br>(6) The customer hereby assigns to WICH Vertriebs GmbH, as security, all claims against third parties arising from the resale of the goods or product, or claims up to the amount of our co-ownership share as per the preceding paragraph, and WICH Vertriebs GmbH accepts this assignment.<br>The customer remains authorized to collect the claims. Eine Einziehung durch die WICH Vertriebs GmbH erfolgt nur in dem Falle, dass der Kunde seinen Zahlungsverpflichtungen nicht nachkommt. In this case, the customer must disclose the assigned claims and their debtors, provide all information necessary for collection, hand over the relevant documents, and notify the debtors (third parties) of the assignment<br>(7) to be communicated. Der WICH Vertriebs GmbH bleibt in diesem Fall das Recht vorbehalten, die unter Abs. (4) gew\u00e4hrte Befugnis zu widerrufen.<\/p><p><strong>\u00a7 8 M\u00e4ngelanspr\u00fcche des Kunden<\/strong><\/p><p>(1) F\u00fcr die Rechte des Kunden bei Sach- und Rechtsm\u00e4ngeln gelten die gesetzlichen Vorschriften, soweit nachfolgend nichts anderes bestimmt ist. In all cases, the statutory special provisions for the final delivery of goods to a consumer remain unaffected.<br>(2) All product descriptions that are part of the individual contract are considered an agreement on the quality of the goods.<br>(3) The customer&#8217;s claims for defects presuppose that they have complied with their statutory obligations to inspect and give notice of defects (\u00a7\u00a7 377, 381 HGB); otherwise, liability for defects not reported or not reported in due time is excluded.<br>(4) The choice regarding the type of supplementary performance, whether by rectifying the defect (repair) or by delivering a defect-free item (replacement delivery), lies with WICH Vertriebs GmbH. Das Recht, die Nacherf\u00fcllung unter den gesetzlichen Voraussetzungen zu verweigern, bleibt unber\u00fchrt.<br>(5) Eine geschuldete Nacherf\u00fcllung kann davon abh\u00e4ngig gemacht werden, dass der Kunde die vertraglich geschuldete Verg\u00fctung bezahlt. However, the customer is entitled to withhold a reasonable portion of the owed remuneration in proportion to the defect.<br>(6) The expenses necessary for inspection and supplementary performance, in particular transport, travel, labor, and material costs (not: removal and installation costs), shall be borne by WICH Vertriebs GmbH if a defect actually exists; otherwise, by the customer, unless the absence of the defectiveness was not recognizable to them.<br>(7) If supplementary performance has failed or a reasonable deadline set by the customer for supplementary performance has expired unsuccessfully or is dispensable according to statutory provisions, the<br>(8) customer may withdraw from the contract or reduce the purchase price. Bei einem unerheblichen Mangel besteht jedoch kein R\u00fccktrittsrecht.<\/p><p><strong>\u00a7 9 Haftung<\/strong><\/p><p>(1) Die Haftung erfolgt nach den gesetzlichen Vorschriften, soweit in diesen AVB nicht anders vereinbart.<br>(2) Die WICH Vertriebs GmbH haftet f\u00fcr von ihr und ihren Vertretern oder Erf\u00fcllungsgehilfen vors\u00e4tzlich oder grob fahrl\u00e4ssig verursachten Sch\u00e4den aus der Verletzung wesentlicher Vertragspflichten sowie aus der Verletzung von Leben, K\u00f6rper und Gesundheit.<br>(3) Bei einfacher Fahrl\u00e4ssigkeit haftet die WICH Vertriebs GmbH vorbehaltlich eines milderen Haftungsma\u00dfstabs nach gesetzlichen Vorschriften nur f\u00fcr Sch\u00e4den aus der Verletzung des Lebens, des K\u00f6rpers oder der Gesundheit und f\u00fcr Sch\u00e4den aus der nicht unerheblichen Verletzung einer wesentlichen Vertragspflicht. Als wesentliche Vertragspflichten gelten dabei solche Verpflichtungen, deren Erf\u00fcllung die ordnungsgem\u00e4\u00dfe Durchf\u00fchrung des Vertrags \u00fcberhaupt erst erm\u00f6glichen und auf deren Einhaltung der Vertragspartner regelm\u00e4\u00dfig vertraut und vertrauen darf. In diesem Fall ist die Haftung jedoch auf den nach der Art und Leistung vorhersehbaren und vertragstypischen Durschnittschaden begrenzt.<br>(4) Wegen einer Pflichtverletzung, die nicht in einem Mangel besteht, kann der Kunde nur zur\u00fccktreten oder k\u00fcndigen, wenn die WICH Vertriebs GmbH die Pflichtverletzung zu vertreten hat. Ein freies K\u00fcndigungsrecht des Kunden wird ausgeschlossen. Im \u00dcbrigen gelten die gesetzlichen Voraussetzungen und Rechtsfolgen.<br>(5) Sowohl die Haftung nach dem Produkthaftungsgesetz, als auch die Haftung bei \u00dcbernahme einer Garantie durch die WICH Vertriebs GmbH bleiben von den oben aufgef\u00fchrten Haftungsausschl\u00fcssen unber\u00fchrt.<\/p><p><strong>\u00a7 10 Verj\u00e4hrung<\/strong><\/p><p>(1) Abweichend von \u00a7 438 Abs.1 Nr.3 BGB betr\u00e4gt die allgemeine Verj\u00e4hrungsfrist f\u00fcr Anspr\u00fcche aus Sach- und Rechtsm\u00e4ngeln ein Jahr ab Ablieferung. Soweit eine Abnahme vereinbart ist, beginnt die Verj\u00e4hrung mit der Abnahme.<br>(2) Die vorstehenden Verj\u00e4hrungsfrist gilt auch f\u00fcr vertragliche und au\u00dfervertragliche Schadensersatzanspr\u00fcche des Kunden, die auf einem Mangel der Ware beruhen, es sei denn die Anwendung der regelm\u00e4\u00dfigen gesetzlichen Verj\u00e4hrung (\u00a7\u00a7 195, 199 BGB) im Einzelfall zu einer k\u00fcrzeren Verj\u00e4hrung f\u00fchren w\u00fcrde.<br>(3) Schadensersatzanspr\u00fcche des Kunden gem. \u00a7 9 Abs.2 und 3 sowie nach dem Produkthaftungsgesetz verj\u00e4hren jedoch ausschlie\u00dflich nach den gesetzlichen Verj\u00e4hrungsfristen.<\/p><p><strong>\u00a7 11 Abschlussbestimmungen<\/strong><\/p><p>(1) F\u00fcr diese AVB und die Vertragsbeziehung zwischen der WICH Vertriebs GmbH und dem Kunden gilt das Recht der Bundesrepublik Deutschland unter Ausschluss internationalen Einheitsrechts, insbesondere des UN-Kaufrechts.<br>(2) Ist der Kunde Kaufmann iSd. Handelsgesetzbuchs, juristische Person des \u00f6ffentlichen Rechts oder ein \u00f6ffentlich-rechtliches Sonderverm\u00f6gen, ist ausschlie\u00dflicher \u2013 auch internationaler Gerichtsstand f\u00fcr alle sich aus dem Vertragsverh\u00e4ltnis unmittelbar oder mittelbar ergebenden Streitigkeiten der Gesch\u00e4ftssitz der WICH Vertriebs GmbH in Wernberg-K\u00f6blitz. Entsprechendes gilt, wenn der Kunde Unternehmer iSv. \u00a7 14 BGB ist. Die WICH Vertriebs GmbH sind jedoch in allen F\u00e4llen auch berechtigt, Klage am Erf\u00fcllungsort der Lieferverpflichtung gem\u00e4\u00df diesen AVB bzw. einer vorrangigen Individualabrede oder am allgemeinen Gerichtsstand des Kunden zu erheben. Vorrangige gesetzliche Vorschriften, insbesondere zu ausschlie\u00dflichen Zust\u00e4ndigkeiten, bleiben unber\u00fchrt. (3) Sollte eine Bestimmung dieser Gesch\u00e4ftsbedingungen oder eine Bestimmung im Rahmen sonstiger Vereinbarungen unwirksam sein oder werden, so wird hiervon die Wirksamkeit aller sonstigen Bestimmungen oder Vereinbarungen nicht ber\u00fchrt.<\/p>\t\t\t\t\t\t\t\t<\/div>\n\t\t\t\t<\/div>\n\t\t\t\t\t<\/div>\n\t\t\t\t<\/div>\n\t\t\t\t<\/div>\n\t\t","protected":false},"excerpt":{"rendered":"<p>General conditions of sale \u00a7 1 Scope of Application (1) The present General Terms and Conditions of Sale (GTC) apply to all business relationships of WICH Vertriebs GmbH with its customers (&#8220;Customer&#8221; or &#8220;Buyer&#8221;). Die AVB gelten nur, wenn der Kunde Unternehmer (\u00a7 14 BGB), eine juristische Person des \u00f6ffentlichen Rechts oder ein \u00f6ffentlich-rechtliches Sonderverm\u00f6gen [&hellip;]<\/p>\n","protected":false},"author":1,"featured_media":0,"parent":0,"menu_order":92,"comment_status":"closed","ping_status":"closed","template":"","meta":{"_acf_changed":false,"footnotes":""},"class_list":["post-9987","page","type-page","status-publish","hentry"],"acf":[],"yoast_head":"<!-- This site is optimized with the Yoast SEO plugin v27.5 - https:\/\/yoast.com\/product\/yoast-seo-wordpress\/ -->\n<title>General conditions of sale - Wich Paletten<\/title>\n<meta name=\"robots\" content=\"index, follow, max-snippet:-1, max-image-preview:large, max-video-preview:-1\" \/>\n<link rel=\"canonical\" href=\"https:\/\/wich-paletten.de\/en\/general-conditions-of-sale\/\" \/>\n<meta property=\"og:locale\" content=\"en_US\" \/>\n<meta property=\"og:type\" content=\"article\" \/>\n<meta property=\"og:title\" content=\"General conditions of sale - Wich Paletten\" \/>\n<meta property=\"og:description\" content=\"General conditions of sale \u00a7 1 Scope of Application (1) The present General Terms and Conditions of Sale (GTC) apply to all business relationships of WICH Vertriebs GmbH with its customers (&#8220;Customer&#8221; or &#8220;Buyer&#8221;). Die AVB gelten nur, wenn der Kunde Unternehmer (\u00a7 14 BGB), eine juristische Person des \u00f6ffentlichen Rechts oder ein \u00f6ffentlich-rechtliches Sonderverm\u00f6gen [&hellip;]\" \/>\n<meta property=\"og:url\" content=\"https:\/\/wich-paletten.de\/en\/general-conditions-of-sale\/\" \/>\n<meta property=\"og:site_name\" content=\"Wich Paletten\" \/>\n<meta property=\"article:modified_time\" content=\"2026-03-23T10:29:51+00:00\" \/>\n<meta name=\"twitter:card\" content=\"summary_large_image\" \/>\n<meta name=\"twitter:label1\" content=\"Est. reading time\" \/>\n\t<meta name=\"twitter:data1\" content=\"11 minutes\" \/>\n<script type=\"application\/ld+json\" class=\"yoast-schema-graph\">{\"@context\":\"https:\\\/\\\/schema.org\",\"@graph\":[{\"@type\":\"WebPage\",\"@id\":\"https:\\\/\\\/wich-paletten.de\\\/en\\\/general-conditions-of-sale\\\/\",\"url\":\"https:\\\/\\\/wich-paletten.de\\\/en\\\/general-conditions-of-sale\\\/\",\"name\":\"General conditions of sale - Wich Paletten\",\"isPartOf\":{\"@id\":\"https:\\\/\\\/wich-paletten.de\\\/#website\"},\"datePublished\":\"2025-01-23T15:31:44+00:00\",\"dateModified\":\"2026-03-23T10:29:51+00:00\",\"breadcrumb\":{\"@id\":\"https:\\\/\\\/wich-paletten.de\\\/en\\\/general-conditions-of-sale\\\/#breadcrumb\"},\"inLanguage\":\"en-US\",\"potentialAction\":[{\"@type\":\"ReadAction\",\"target\":[\"https:\\\/\\\/wich-paletten.de\\\/en\\\/general-conditions-of-sale\\\/\"]}]},{\"@type\":\"BreadcrumbList\",\"@id\":\"https:\\\/\\\/wich-paletten.de\\\/en\\\/general-conditions-of-sale\\\/#breadcrumb\",\"itemListElement\":[{\"@type\":\"ListItem\",\"position\":1,\"name\":\"Start\",\"item\":\"https:\\\/\\\/wich-paletten.de\\\/en\\\/home\\\/\"},{\"@type\":\"ListItem\",\"position\":2,\"name\":\"General conditions of sale\"}]},{\"@type\":\"WebSite\",\"@id\":\"https:\\\/\\\/wich-paletten.de\\\/#website\",\"url\":\"https:\\\/\\\/wich-paletten.de\\\/\",\"name\":\"Wich Paletten\",\"description\":\"\",\"publisher\":{\"@id\":\"https:\\\/\\\/wich-paletten.de\\\/#organization\"},\"potentialAction\":[{\"@type\":\"SearchAction\",\"target\":{\"@type\":\"EntryPoint\",\"urlTemplate\":\"https:\\\/\\\/wich-paletten.de\\\/?s={search_term_string}\"},\"query-input\":{\"@type\":\"PropertyValueSpecification\",\"valueRequired\":true,\"valueName\":\"search_term_string\"}}],\"inLanguage\":\"en-US\"},{\"@type\":\"Organization\",\"@id\":\"https:\\\/\\\/wich-paletten.de\\\/#organization\",\"name\":\"Wich Paletten\",\"url\":\"https:\\\/\\\/wich-paletten.de\\\/\",\"logo\":{\"@type\":\"ImageObject\",\"inLanguage\":\"en-US\",\"@id\":\"https:\\\/\\\/wich-paletten.de\\\/#\\\/schema\\\/logo\\\/image\\\/\",\"url\":\"https:\\\/\\\/wich-paletten.de\\\/wp-content\\\/uploads\\\/2025\\\/01\\\/wich-logo-signet.svg\",\"contentUrl\":\"https:\\\/\\\/wich-paletten.de\\\/wp-content\\\/uploads\\\/2025\\\/01\\\/wich-logo-signet.svg\",\"width\":277,\"height\":95,\"caption\":\"Wich Paletten\"},\"image\":{\"@id\":\"https:\\\/\\\/wich-paletten.de\\\/#\\\/schema\\\/logo\\\/image\\\/\"}}]}<\/script>\n<!-- \/ Yoast SEO plugin. -->","yoast_head_json":{"title":"General conditions of sale - Wich Paletten","robots":{"index":"index","follow":"follow","max-snippet":"max-snippet:-1","max-image-preview":"max-image-preview:large","max-video-preview":"max-video-preview:-1"},"canonical":"https:\/\/wich-paletten.de\/en\/general-conditions-of-sale\/","og_locale":"en_US","og_type":"article","og_title":"General conditions of sale - Wich Paletten","og_description":"General conditions of sale \u00a7 1 Scope of Application (1) The present General Terms and Conditions of Sale (GTC) apply to all business relationships of WICH Vertriebs GmbH with its customers (&#8220;Customer&#8221; or &#8220;Buyer&#8221;). Die AVB gelten nur, wenn der Kunde Unternehmer (\u00a7 14 BGB), eine juristische Person des \u00f6ffentlichen Rechts oder ein \u00f6ffentlich-rechtliches Sonderverm\u00f6gen [&hellip;]","og_url":"https:\/\/wich-paletten.de\/en\/general-conditions-of-sale\/","og_site_name":"Wich Paletten","article_modified_time":"2026-03-23T10:29:51+00:00","twitter_card":"summary_large_image","twitter_misc":{"Est. reading time":"11 minutes"},"schema":{"@context":"https:\/\/schema.org","@graph":[{"@type":"WebPage","@id":"https:\/\/wich-paletten.de\/en\/general-conditions-of-sale\/","url":"https:\/\/wich-paletten.de\/en\/general-conditions-of-sale\/","name":"General conditions of sale - Wich Paletten","isPartOf":{"@id":"https:\/\/wich-paletten.de\/#website"},"datePublished":"2025-01-23T15:31:44+00:00","dateModified":"2026-03-23T10:29:51+00:00","breadcrumb":{"@id":"https:\/\/wich-paletten.de\/en\/general-conditions-of-sale\/#breadcrumb"},"inLanguage":"en-US","potentialAction":[{"@type":"ReadAction","target":["https:\/\/wich-paletten.de\/en\/general-conditions-of-sale\/"]}]},{"@type":"BreadcrumbList","@id":"https:\/\/wich-paletten.de\/en\/general-conditions-of-sale\/#breadcrumb","itemListElement":[{"@type":"ListItem","position":1,"name":"Start","item":"https:\/\/wich-paletten.de\/en\/home\/"},{"@type":"ListItem","position":2,"name":"General conditions of sale"}]},{"@type":"WebSite","@id":"https:\/\/wich-paletten.de\/#website","url":"https:\/\/wich-paletten.de\/","name":"Wich Paletten","description":"","publisher":{"@id":"https:\/\/wich-paletten.de\/#organization"},"potentialAction":[{"@type":"SearchAction","target":{"@type":"EntryPoint","urlTemplate":"https:\/\/wich-paletten.de\/?s={search_term_string}"},"query-input":{"@type":"PropertyValueSpecification","valueRequired":true,"valueName":"search_term_string"}}],"inLanguage":"en-US"},{"@type":"Organization","@id":"https:\/\/wich-paletten.de\/#organization","name":"Wich Paletten","url":"https:\/\/wich-paletten.de\/","logo":{"@type":"ImageObject","inLanguage":"en-US","@id":"https:\/\/wich-paletten.de\/#\/schema\/logo\/image\/","url":"https:\/\/wich-paletten.de\/wp-content\/uploads\/2025\/01\/wich-logo-signet.svg","contentUrl":"https:\/\/wich-paletten.de\/wp-content\/uploads\/2025\/01\/wich-logo-signet.svg","width":277,"height":95,"caption":"Wich Paletten"},"image":{"@id":"https:\/\/wich-paletten.de\/#\/schema\/logo\/image\/"}}]}},"_links":{"self":[{"href":"https:\/\/wich-paletten.de\/en\/wp-json\/wp\/v2\/pages\/9987","targetHints":{"allow":["GET"]}}],"collection":[{"href":"https:\/\/wich-paletten.de\/en\/wp-json\/wp\/v2\/pages"}],"about":[{"href":"https:\/\/wich-paletten.de\/en\/wp-json\/wp\/v2\/types\/page"}],"author":[{"embeddable":true,"href":"https:\/\/wich-paletten.de\/en\/wp-json\/wp\/v2\/users\/1"}],"replies":[{"embeddable":true,"href":"https:\/\/wich-paletten.de\/en\/wp-json\/wp\/v2\/comments?post=9987"}],"version-history":[{"count":0,"href":"https:\/\/wich-paletten.de\/en\/wp-json\/wp\/v2\/pages\/9987\/revisions"}],"wp:attachment":[{"href":"https:\/\/wich-paletten.de\/en\/wp-json\/wp\/v2\/media?parent=9987"}],"curies":[{"name":"wp","href":"https:\/\/api.w.org\/{rel}","templated":true}]}}